{"id":4164,"date":"2019-03-17T17:19:40","date_gmt":"2019-03-17T17:19:40","guid":{"rendered":"https:\/\/goya.everthemes.com\/demo-basic\/?page_id=72"},"modified":"2023-11-08T09:16:28","modified_gmt":"2023-11-08T08:16:28","slug":"terms-conditions-2","status":"publish","type":"page","link":"https:\/\/aarbenz.com\/sh0p\/terms-conditions-2\/","title":{"rendered":"Conditions G\u00e9n\u00e9rales de Ventes"},"content":{"rendered":"\n<p><strong>Conditions g\u00e9n\u00e9rales de ventes<\/strong><\/p>\n\n\n\n<p><strong>(En vigueur \u00e0 partir du 01\/01\/ 2023)<\/strong><\/p>\n\n\n\n<h2 class=\"wp-block-heading\">Clause n\u00b0 1 : Objet<\/h2>\n\n\n\n<p>Les conditions g\u00e9n\u00e9rales de vente d\u00e9crites ci-apr\u00e8s d\u00e9taillent les droits et obligations de la soci\u00e9t\u00e9  AARBENZ et de son client dans le cadre de la vente des marchandises suivantes : &nbsp;Reproductions et Impressions d\u2019\u0153uvres d\u2019Art. Toute prestation accomplie par la soci\u00e9t\u00e9 AARBENZ implique donc l&#8217;adh\u00e9sion sans r\u00e9serve de l&#8217;acheteur aux pr\u00e9sentes conditions g\u00e9n\u00e9rales de vente.<\/p>\n\n\n\n<h2 class=\"wp-block-heading\">Clause n\u00b0 2 : Prix<\/h2>\n\n\n\n<p>Les prix des marchandises vendues sont ceux en vigueur au jour de la prise de commande. Les prix indiqu\u00e9s sont les prix nets \u00e0 payer en euros, hors frais de port.<br>La soci\u00e9t\u00e9 AARBENZ s&#8217;accorde le droit de modifier ses tarifs \u00e0 tout moment. Toutefois, elle s&#8217;engage \u00e0 facturer les marchandises command\u00e9es aux prix indiqu\u00e9s lors de l&#8217;enregistrement de la commande.<\/p>\n\n\n\n<p>Dans le cadre d\u2019un achat \u00e0 destination d\u2019un pays hors Union Europ\u00e9enne, toutes charges, taxes locales \u00e9ventuelles, ou droits de douanes, ne rel\u00e8vent alors pas de AARBENZ et seront \u00e0 la charge de l\u2019Acheteur. Il est de sa responsabilit\u00e9 de s\u2019informer sur les conditions d\u2019importation et de d\u00e9clarer son achat aupr\u00e8s des autorit\u00e9s de son pays<\/p>\n\n\n\n<h2 class=\"wp-block-heading\">Clause n\u00b0 3 : Rabais et ristournes<\/h2>\n\n\n\n<p>Les tarifs propos\u00e9s comprennent les rabais et ristournes que la soci\u00e9t\u00e9 AARBENZ serait amen\u00e9e \u00e0 octroyer compte tenu de ses r\u00e9sultats ou de la prise en charge par l&#8217;acheteur de certaines prestations.<\/p>\n\n\n\n<h2 class=\"wp-block-heading\">Clause n\u00b0 4 : Escompte<\/h2>\n\n\n\n<p>Aucun escompte ne sera consenti en cas de paiement anticip\u00e9.<\/p>\n\n\n\n<h2 class=\"wp-block-heading\">Clause n\u00b0 5 : Modalit\u00e9s de paiement<\/h2>\n\n\n\n<p>Le r\u00e8glement des commandes s&#8217;effectue :<\/p>\n\n\n\n<ul class=\"wp-block-list\">\n<li>Soit par Paypal<\/li>\n\n\n\n<li>Soit par carte bancaire ;<\/li>\n<\/ul>\n\n\n\n<h2 class=\"wp-block-heading\">Clause n\u00b0 6 : Retard de paiement<\/h2>\n\n\n\n<p>En cas de d\u00e9faut de paiement total ou partiel des marchandises livr\u00e9es au jour de la r\u00e9ception, l&#8217;acheteur doit verser \u00e0 la soci\u00e9t\u00e9 AARBENZ une p\u00e9nalit\u00e9 de retard \u00e9gale \u00e0 trois fois le taux de l&#8217;int\u00e9r\u00eat l\u00e9gal.<br>Le taux de l&#8217;int\u00e9r\u00eat l\u00e9gal retenu est celui en vigueur au jour de la livraison des marchandises.<\/p>\n\n\n\n<p>Cette p\u00e9nalit\u00e9 est calcul\u00e9e sur le montant TTC de la somme restant due, et court \u00e0 compter de la date d&#8217;\u00e9ch\u00e9ance du prix sans qu&#8217;aucune mise en demeure pr\u00e9alable ne soit n\u00e9cessaire.<\/p>\n\n\n\n<p>En sus des indemnit\u00e9s de retard, toute somme, y compris l\u2019acompte, non pay\u00e9e \u00e0 sa date d\u2019exigibilit\u00e9 produira de plein droit le paiement d\u2019une indemnit\u00e9 forfaitaire de 40 euros due au titre des frais de recouvrement.<br><em>Articles 441-6, I alin\u00e9a 12 et D. 441-5&nbsp;du code de commerce.<\/em><\/p>\n\n\n\n<p><strong>Clause n\u00b0 7 : Clause r\u00e9solutoire<\/strong><\/p>\n\n\n\n<p>Si dans les quinze jours qui suivent la mise en \u0153uvre de la clause &#8221; Retard de paiement &#8220;, l&#8217;acheteur ne s&#8217;est pas acquitt\u00e9 des sommes restant dues, la vente sera r\u00e9solue de plein droit et pourra ouvrir droit \u00e0 l&#8217;allocation de dommages et int\u00e9r\u00eats au profit de la soci\u00e9t\u00e9 ___________ (d\u00e9nomination sociale).<\/p>\n\n\n\n<p><strong>Clause n\u00b0 8 : Clause de r\u00e9serve de propri\u00e9t\u00e9<\/strong><\/p>\n\n\n\n<p>La soci\u00e9t\u00e9 AARBENZ conserve la propri\u00e9t\u00e9 des biens vendus jusqu&#8217;au paiement int\u00e9gral du prix, en principal et en accessoires. \u00c0 ce titre, si l&#8217;acheteur fait l&#8217;objet d&#8217;un redressement ou d&#8217;une liquidation judiciaire, la soci\u00e9t\u00e9 AARBENZ se r\u00e9serve le droit de revendiquer, dans le cadre de la proc\u00e9dure collective, les marchandises vendues et rest\u00e9es impay\u00e9es.<\/p>\n\n\n\n<p><strong>Clause n\u00b0 9 : Livraison<\/strong><\/p>\n\n\n\n<p>La livraison est effectu\u00e9e :<\/p>\n\n\n\n<ul class=\"wp-block-list\">\n<li>Soit par la remise directe de la marchandise \u00e0 l&#8217;acheteur ;<\/li>\n\n\n\n<li>Soit au lieu indiqu\u00e9 par l&#8217;acheteur sur le bon de commande.<\/li>\n<\/ul>\n\n\n\n<p>&nbsp;Le d\u00e9lai de livraison indiqu\u00e9 lors de l&#8217;enregistrement de la commande n&#8217;est donn\u00e9 qu&#8217;\u00e0 titre indicatif et n&#8217;est aucunement garanti.<\/p>\n\n\n\n<p>Par voie de cons\u00e9quence, tout retard raisonnable dans la livraison des produits ne pourra pas donner lieu au profit de l&#8217;acheteur \u00e0 :<\/p>\n\n\n\n<ul class=\"wp-block-list\">\n<li>L\u2019allocation de dommages et int\u00e9r\u00eats ;<\/li>\n\n\n\n<li>L\u2019annulation de la commande.<\/li>\n<\/ul>\n\n\n\n<p>&nbsp;Le risque du transport est support\u00e9 en totalit\u00e9 par l&#8217;acheteur.<br>En cas de marchandises manquantes ou d\u00e9t\u00e9rior\u00e9es lors du transport, l&#8217;acheteur devra formuler toutes les r\u00e9serves n\u00e9cessaires sur le bon de commande \u00e0 r\u00e9ception desdites marchandises. Ces r\u00e9serves devront \u00eatre, en outre, confirm\u00e9es par \u00e9crit dans les cinq jours suivant la livraison, par courrier recommand\u00e9 AR.<\/p>\n\n\n\n<p>Le montant des frais de livraison, \u00e0 la charge de l\u2019Acheteur, est indiqu\u00e9 dans le panier d\u2019achat, apr\u00e8s qu\u2019il ait renseign\u00e9 et valid\u00e9 l\u2019adresse de livraison. Ils sont calcul\u00e9s sur la base d\u2019une grille tarifaire qui \u00e9volue en fonction des dimensions et du poids de l\u2019\u0152uvre command\u00e9e, ainsi que de l\u2019adresse d\u2019exp\u00e9dition et de livraison.<\/p>\n\n\n\n<p><strong>Clause n\u00b0 10 : Force majeure<\/strong><\/p>\n\n\n\n<p>La responsabilit\u00e9 de la soci\u00e9t\u00e9 AARBENZ ne pourra pas \u00eatre mise en \u0153uvre si la non-ex\u00e9cution ou le retard dans l&#8217;ex\u00e9cution de l&#8217;une de ses obligations d\u00e9crites dans les pr\u00e9sentes conditions g\u00e9n\u00e9rales de vente d\u00e9coule d&#8217;un cas de force majeure. \u00c0 ce titre, la force majeure s&#8217;entend de tout \u00e9v\u00e9nement ext\u00e9rieur, impr\u00e9visible et irr\u00e9sistible au sens de l&#8217;article 1148 du Code civil.<\/p>\n\n\n\n<p><strong>Clause n\u00b0 11 : Tribunal comp\u00e9tent<\/strong><\/p>\n\n\n\n<p>Tout litige relatif \u00e0 l&#8217;interpr\u00e9tation et \u00e0 l&#8217;ex\u00e9cution des pr\u00e9sentes conditions g\u00e9n\u00e9rales de vente est soumis au droit fran\u00e7ais.<\/p>\n\n\n\n<p>\u00c0 d\u00e9faut de r\u00e9solution amiable, le litige sera port\u00e9 devant le Tribunal de commerce<\/p>\n\n\n\n<h3 class=\"wp-block-heading\"><\/h3>\n\n\n\n<p><\/p>\n","protected":false},"excerpt":{"rendered":"<p>Conditions g\u00e9n\u00e9rales de ventes (En vigueur \u00e0 partir du 01\/01\/ 2023) Clause n\u00b0 1 : Objet Les conditions g\u00e9n\u00e9rales de vente d\u00e9crites ci-apr\u00e8s d\u00e9taillent les droits et obligations de la soci\u00e9t\u00e9 AARBENZ et de son client dans le cadre de la vente des marchandises suivantes : &nbsp;Reproductions et Impressions d\u2019\u0153uvres&hellip;<\/p>\n","protected":false},"author":1,"featured_media":0,"parent":0,"menu_order":0,"comment_status":"closed","ping_status":"closed","template":"","meta":{"footnotes":""},"class_list":["post-4164","page","type-page","status-publish","hentry"],"jetpack_sharing_enabled":true,"_links":{"self":[{"href":"https:\/\/aarbenz.com\/sh0p\/wp-json\/wp\/v2\/pages\/4164","targetHints":{"allow":["GET"]}}],"collection":[{"href":"https:\/\/aarbenz.com\/sh0p\/wp-json\/wp\/v2\/pages"}],"about":[{"href":"https:\/\/aarbenz.com\/sh0p\/wp-json\/wp\/v2\/types\/page"}],"author":[{"embeddable":true,"href":"https:\/\/aarbenz.com\/sh0p\/wp-json\/wp\/v2\/users\/1"}],"replies":[{"embeddable":true,"href":"https:\/\/aarbenz.com\/sh0p\/wp-json\/wp\/v2\/comments?post=4164"}],"version-history":[{"count":4,"href":"https:\/\/aarbenz.com\/sh0p\/wp-json\/wp\/v2\/pages\/4164\/revisions"}],"predecessor-version":[{"id":4651,"href":"https:\/\/aarbenz.com\/sh0p\/wp-json\/wp\/v2\/pages\/4164\/revisions\/4651"}],"wp:attachment":[{"href":"https:\/\/aarbenz.com\/sh0p\/wp-json\/wp\/v2\/media?parent=4164"}],"curies":[{"name":"wp","href":"https:\/\/api.w.org\/{rel}","templated":true}]}}