{"id":3109,"date":"2019-10-24T00:57:41","date_gmt":"2019-10-24T00:57:41","guid":{"rendered":"https:\/\/goya.everthemes.com\/demo-fashion\/?page_id=3109"},"modified":"2023-01-12T16:03:10","modified_gmt":"2023-01-12T15:03:10","slug":"privacy-policy","status":"publish","type":"page","link":"https:\/\/aarbenz.com\/sh0p\/privacy-policy\/","title":{"rendered":"Politique de Confidentialit\u00e9"},"content":{"rendered":"\n<h3 class=\"wp-block-heading\">Quel type d&#8217;informations recueillez-vous ?<\/h3>\n\n\n\n<p><em>Nous recevons, collectons et stockons toute information que vous saisissez sur notre site web ou que vous nous fournissez de toute autre mani\u00e8re. En outre, nous recueillons l&#8217;adresse de protocole Internet (IP) utilis\u00e9e pour connecter votre ordinateur \u00e0 l&#8217;Internet ; le login ; l&#8217;adresse e-mail ; le mot de passe ; les informations sur l&#8217;ordinateur et la connexion et l&#8217;historique des achats. Nous pouvons utiliser des outils logiciels pour mesurer et collecter des informations de session, y compris les temps de r\u00e9ponse des pages, la dur\u00e9e des visites sur certaines pages, les informations sur l&#8217;interaction entre les pages et les m\u00e9thodes utilis\u00e9es pour naviguer hors de la page. Nous recueillons \u00e9galement des informations d&#8217;identification personnelle (y compris le nom, l&#8217;adresse \u00e9lectronique, le mot de passe, les communications) ; les d\u00e9tails de paiement (y compris les informations de carte de cr\u00e9dit), les commentaires, les r\u00e9actions, les \u00e9valuations de produits, les recommandations et le profil personnel.<\/em><\/p>\n\n\n\n<h3 class=\"wp-block-heading\">Comment recueillez-vous des informations ?<\/h3>\n\n\n\n<p><em>Lorsque vous effectuez une transaction sur notre site web, dans le cadre du processus, nous recueillons les informations personnelles que vous nous donnez, telles que votre nom, votre adresse et votre adresse e-mail. Vos informations personnelles ne seront utilis\u00e9es que pour les raisons sp\u00e9cifiques mentionn\u00e9es ci-dessus.<\/em><\/p>\n\n\n\n<h3 class=\"wp-block-heading\">Pourquoi recueillez-vous de telles informations personnelles ?<\/h3>\n\n\n\n<p><em>Nous recueillons ces informations non personnelles et personnelles aux fins suivantes :<\/em><\/p>\n\n\n\n<ol class=\"wp-block-list\">\n<li><em>Fournir et exploiter les services ;<\/em><\/li>\n\n\n\n<li><em>Fournir \u00e0 nos utilisateurs une Assistance et un support technique permanents ;<\/em><\/li>\n\n\n\n<li><em>Pouvoir contacter nos visiteurs et utilisateurs avec des avis g\u00e9n\u00e9raux ou personnalis\u00e9s relatifs au service et des messages promotionnels ;<\/em><\/li>\n\n\n\n<li><em>Pour cr\u00e9er des donn\u00e9es statistiques agr\u00e9g\u00e9es et d&#8217;autres informations non personnelles agr\u00e9g\u00e9es et\/ou d\u00e9duites, que nous ou nos partenaires commerciaux pouvons utiliser pour fournir et am\u00e9liorer nos services respectifs ;<\/em><\/li>\n\n\n\n<li><em>Se conformer aux lois et r\u00e8glements applicables.<\/em><\/li>\n<\/ol>\n\n\n\n<h3 class=\"wp-block-heading\">Comment stockez-vous, utilisez, partagez-vous et divulguez-vous les informations personnelles des visiteurs de votre site ?<\/h3>\n\n\n\n<p><em>Notre entreprise est h\u00e9berg\u00e9e sur la plateforme <\/em>aarbenz.com<em>. AArbenz nous fournit la plateforme en ligne qui nous permet de vous vendre nos produits et services. Vos donn\u00e9es peuvent \u00eatre stock\u00e9es par le biais du stockage de donn\u00e9es, des bases de donn\u00e9es et des applications g\u00e9n\u00e9rales de Wix.com. Elles stockent vos donn\u00e9es sur des serveurs s\u00e9curis\u00e9s derri\u00e8re un pare-feu.<br><br>Toutes les passerelles de paiement direct propos\u00e9es par AArbenz et utilis\u00e9es par notre entreprise respectent les normes \u00e9tablies par PCI-DSS, telles que g\u00e9r\u00e9es par le PCI Security Standards Council, qui est un effort conjoint de marques comme Visa, MasterCard, American Express et Discover. Les exigences PCI-DSS contribuent \u00e0 garantir le traitement s\u00e9curis\u00e9 des informations relatives aux cartes de cr\u00e9dit par notre magasin et ses fournisseurs de services<\/em><\/p>\n\n\n\n<p><\/p>\n\n\n\n<h3 class=\"wp-block-heading\">Comment communiquez-vous avec les visiteurs de votre site ?<\/h3>\n\n\n\n<p><em>Nous pouvons vous contacter pour vous informer sur votre compte, pour r\u00e9soudre des probl\u00e8mes avec votre compte, pour r\u00e9soudre un litige, pour collecter des frais ou des sommes dues, pour sonder votre opinion par le biais d&#8217;enqu\u00eates ou de questionnaires, pour envoyer des mises \u00e0 jour sur notre soci\u00e9t\u00e9, ou si n\u00e9cessaire pour vous contacter afin de faire respecter notre contrat d&#8217;utilisation, les lois nationales applicables, et tout accord que nous pourrions avoir avec vous. \u00c0 ces fins, nous pouvons vous contacter par courrier \u00e9lectronique, t\u00e9l\u00e9phone, messages textuels et courrier postal.<\/em><\/p>\n\n\n\n<p><\/p>\n\n\n\n<h3 class=\"wp-block-heading\">Comment les visiteurs de votre site peuvent-ils retirer leur consentement ?<\/h3>\n\n\n\n<p><em>Si vous ne souhaitez plus que nous traitions vos donn\u00e9es, veuillez nous <a href=\"https:\/\/aarbenz.com\/sh0p\/contact\/\" data-type=\"URL\" data-id=\"https:\/\/aarbenz.com\/sh0p\/contact\/\">contacter<\/a><\/em><\/p>\n\n\n\n<h2 class=\"wp-block-heading\">Mises \u00e0 jour de la politique de confidentialit\u00e9<em> <\/em><\/h2>\n\n\n\n<p><em>Nous nous r\u00e9servons le droit de modifier cette politique de confidentialit\u00e9 \u00e0 tout moment, aussi nous vous invitons \u00e0 la consulter fr\u00e9quemment. Les modifications et les clarifications prendront effet d\u00e8s leur publication sur le site web. Si nous apportons des modifications importantes \u00e0 la pr\u00e9sente politique, nous vous informerons ici de sa mise \u00e0 jour, afin que vous sachiez quelles informations nous recueillons, comment nous les utilisons et dans quelles circonstances, le cas \u00e9ch\u00e9ant, nous les utilisons et\/ou les divulguons.<\/em><\/p>\n","protected":false},"excerpt":{"rendered":"<p>Quel type d&#8217;informations recueillez-vous ? Nous recevons, collectons et stockons toute information que vous saisissez sur notre site web ou que vous nous fournissez de toute autre mani\u00e8re. En outre, nous recueillons l&#8217;adresse de protocole Internet (IP) utilis\u00e9e pour connecter votre ordinateur \u00e0 l&#8217;Internet ; le login ; l&#8217;adresse e-mail&hellip;<\/p>\n","protected":false},"author":1,"featured_media":0,"parent":0,"menu_order":0,"comment_status":"closed","ping_status":"closed","template":"","meta":{"footnotes":""},"class_list":["post-3109","page","type-page","status-publish","hentry"],"jetpack_sharing_enabled":true,"_links":{"self":[{"href":"https:\/\/aarbenz.com\/sh0p\/wp-json\/wp\/v2\/pages\/3109","targetHints":{"allow":["GET"]}}],"collection":[{"href":"https:\/\/aarbenz.com\/sh0p\/wp-json\/wp\/v2\/pages"}],"about":[{"href":"https:\/\/aarbenz.com\/sh0p\/wp-json\/wp\/v2\/types\/page"}],"author":[{"embeddable":true,"href":"https:\/\/aarbenz.com\/sh0p\/wp-json\/wp\/v2\/users\/1"}],"replies":[{"embeddable":true,"href":"https:\/\/aarbenz.com\/sh0p\/wp-json\/wp\/v2\/comments?post=3109"}],"version-history":[{"count":1,"href":"https:\/\/aarbenz.com\/sh0p\/wp-json\/wp\/v2\/pages\/3109\/revisions"}],"predecessor-version":[{"id":4452,"href":"https:\/\/aarbenz.com\/sh0p\/wp-json\/wp\/v2\/pages\/3109\/revisions\/4452"}],"wp:attachment":[{"href":"https:\/\/aarbenz.com\/sh0p\/wp-json\/wp\/v2\/media?parent=3109"}],"curies":[{"name":"wp","href":"https:\/\/api.w.org\/{rel}","templated":true}]}}